{"id":273,"date":"2024-09-23T14:57:30","date_gmt":"2024-09-23T14:57:30","guid":{"rendered":"https:\/\/ideas.coop\/mapa-andalucia\/?page_id=273"},"modified":"2025-07-03T16:29:28","modified_gmt":"2025-07-03T16:29:28","slug":"participa","status":"publish","type":"page","link":"https:\/\/ideas.coop\/mapa-andalucia\/participa\/","title":{"rendered":"Participa"},"content":{"rendered":"\n<div class=\"wp-block-columns is-layout-flex wp-container-core-columns-is-layout-28f84493 wp-block-columns-is-layout-flex\">\n<div class=\"wp-block-column is-layout-flow wp-block-column-is-layout-flow\" style=\"flex-basis:33.33%\">\n<figure class=\"wp-block-image size-large\"><img loading=\"lazy\" decoding=\"async\" width=\"923\" height=\"1024\" src=\"https:\/\/ideas.coop\/mapa-andalucia\/wp-content\/uploads\/2025\/07\/figura-2-923x1024.png\" alt=\"\" class=\"wp-image-945\" srcset=\"https:\/\/ideas.coop\/mapa-andalucia\/wp-content\/uploads\/2025\/07\/figura-2-923x1024.png 923w, https:\/\/ideas.coop\/mapa-andalucia\/wp-content\/uploads\/2025\/07\/figura-2-270x300.png 270w, https:\/\/ideas.coop\/mapa-andalucia\/wp-content\/uploads\/2025\/07\/figura-2-768x852.png 768w, https:\/\/ideas.coop\/mapa-andalucia\/wp-content\/uploads\/2025\/07\/figura-2-1384x1536.png 1384w, https:\/\/ideas.coop\/mapa-andalucia\/wp-content\/uploads\/2025\/07\/figura-2.png 1500w\" sizes=\"auto, (max-width: 923px) 100vw, 923px\" \/><\/figure>\n<\/div>\n\n\n\n<div class=\"wp-block-column is-layout-flow wp-block-column-is-layout-flow\" style=\"flex-basis:66.66%\">\n<p>Andaluc\u00eda es un territorio comprometido con la transformaci\u00f3n social. En C\u00f3rdoba naci\u00f3 uno de los proyectos pioneros del Comercio Justo y el Consumo Responsable en Espa\u00f1a. En 1986 se abri\u00f3 la primera tienda de Comercio Justo de la mano de IDEAS. Desde ese momento hasta ahora el Comercio Justo ha experimentado un gran desarrollo, podemos encontrar productos de Comercio Justo en la mayor\u00eda de los municipios de nuestra comunidad. Tambi\u00e9n se han desarrollado iniciativas que realizan una gran labor de sensibilizaci\u00f3n sobre el Consumo Responsable. Contamos con una gran labor en la comunidad educativa, desde todos los niveles de primaria a la universidad encontramos experiencias que acercan el Comercio Justo al estudiantado.<\/p>\n\n\n\n<p>En este mapa puedes encontrar diferentes experiencias y pr\u00e1cticas en 3 \u00e1reas: la comercializaci\u00f3n de productos de Consumo Responsable, experiencias desde la comunidad educativa y la de las alianzas entre diferentes actores para avanzar hacia sociedad m\u00e1s justas y resilientes en coherencia con la Agenda 2030.<\/p>\n\n\n\n<p>Encuentra productos ecol\u00f3gicos, iniciativas solidarias y emprendimientos sostenibles en nuestro mapa. Usa las categor\u00edas para filtrar los resultados. \u00a1Estas iniciativas te pueden inspirar para actuar y poner en marcha m\u00e1s pr\u00e1cticas de Comercio Justo y Consumo Responsable!<\/p>\n<\/div>\n<\/div>\n","protected":false},"excerpt":{"rendered":"<p>Andaluc\u00eda es un territorio comprometido con la transformaci\u00f3n social. En C\u00f3rdoba naci\u00f3 uno de los proyectos pioneros del Comercio Justo y el Consumo Responsable en Espa\u00f1a. En 1986 se abri\u00f3 la primera tienda de Comercio Justo de la mano de IDEAS. Desde ese momento hasta ahora el Comercio Justo ha experimentado un gran desarrollo, podemos [&hellip;]<\/p>\n","protected":false},"author":1,"featured_media":0,"parent":0,"menu_order":0,"comment_status":"closed","ping_status":"closed","template":"","meta":{"_acf_changed":false,"footnotes":""},"class_list":["post-273","page","type-page","status-publish","hentry"],"acf":[],"_links":{"self":[{"href":"https:\/\/ideas.coop\/mapa-andalucia\/wp-json\/wp\/v2\/pages\/273","targetHints":{"allow":["GET"]}}],"collection":[{"href":"https:\/\/ideas.coop\/mapa-andalucia\/wp-json\/wp\/v2\/pages"}],"about":[{"href":"https:\/\/ideas.coop\/mapa-andalucia\/wp-json\/wp\/v2\/types\/page"}],"author":[{"embeddable":true,"href":"https:\/\/ideas.coop\/mapa-andalucia\/wp-json\/wp\/v2\/users\/1"}],"replies":[{"embeddable":true,"href":"https:\/\/ideas.coop\/mapa-andalucia\/wp-json\/wp\/v2\/comments?post=273"}],"version-history":[{"count":5,"href":"https:\/\/ideas.coop\/mapa-andalucia\/wp-json\/wp\/v2\/pages\/273\/revisions"}],"predecessor-version":[{"id":997,"href":"https:\/\/ideas.coop\/mapa-andalucia\/wp-json\/wp\/v2\/pages\/273\/revisions\/997"}],"wp:attachment":[{"href":"https:\/\/ideas.coop\/mapa-andalucia\/wp-json\/wp\/v2\/media?parent=273"}],"curies":[{"name":"wp","href":"https:\/\/api.w.org\/{rel}","templated":true}]}}