{"id":262,"date":"2024-09-23T12:10:13","date_gmt":"2024-09-23T12:10:13","guid":{"rendered":"https:\/\/ideas.coop\/mapa-andalucia\/?page_id=262"},"modified":"2025-07-03T16:11:45","modified_gmt":"2025-07-03T16:11:45","slug":"la-campana","status":"publish","type":"page","link":"https:\/\/ideas.coop\/mapa-andalucia\/la-campana\/","title":{"rendered":"La campa\u00f1a"},"content":{"rendered":"\n<div class=\"wp-block-columns is-layout-flex wp-container-core-columns-is-layout-28f84493 wp-block-columns-is-layout-flex\">\n<div class=\"wp-block-column is-layout-flow wp-block-column-is-layout-flow\" style=\"flex-basis:33.33%\">\n<figure class=\"wp-block-image size-full\"><img loading=\"lazy\" decoding=\"async\" width=\"1487\" height=\"2560\" src=\"https:\/\/ideas.coop\/mapa-andalucia\/wp-content\/uploads\/2025\/07\/Recurso-1-scaled.png\" alt=\"\" class=\"wp-image-946\" srcset=\"https:\/\/ideas.coop\/mapa-andalucia\/wp-content\/uploads\/2025\/07\/Recurso-1-scaled.png 1487w, https:\/\/ideas.coop\/mapa-andalucia\/wp-content\/uploads\/2025\/07\/Recurso-1-174x300.png 174w, https:\/\/ideas.coop\/mapa-andalucia\/wp-content\/uploads\/2025\/07\/Recurso-1-595x1024.png 595w, https:\/\/ideas.coop\/mapa-andalucia\/wp-content\/uploads\/2025\/07\/Recurso-1-768x1322.png 768w, https:\/\/ideas.coop\/mapa-andalucia\/wp-content\/uploads\/2025\/07\/Recurso-1-892x1536.png 892w, https:\/\/ideas.coop\/mapa-andalucia\/wp-content\/uploads\/2025\/07\/Recurso-1-1189x2048.png 1189w\" sizes=\"auto, (max-width: 1487px) 100vw, 1487px\" \/><\/figure>\n<\/div>\n\n\n\n<div class=\"wp-block-column is-layout-flow wp-block-column-is-layout-flow\" style=\"flex-basis:66.66%\">\n<p class=\"is-style-default\"><strong>IDEAS<\/strong> y <strong>PROYDE<\/strong> te invitan a conocer las iniciativas y experiencias que se est\u00e1n desarrollando en Andaluc\u00eda a favor del <strong>Comercio Justo y del Consumo Responsable.<\/strong> La Campa\u00f1a por el Comercio Justo en Andaluc\u00eda se dirige a actores locales de municipios andaluces que quieran enredarse y apostar por un desarrollo justo y sostenible.<\/p>\n\n\n\n<p>Queremos acercar el <strong>Comercio Justo<\/strong> a la ciudadan\u00eda para dar a conocer h\u00e1bitos de Consumo Responsable en todos los \u00e1mbitos, desde la administraci\u00f3n a la comunidad educativa, todos y todas podemos impulsar otro modelo de producci\u00f3n y consumo respetuoso con las personas y el medio ambiente.<\/p>\n\n\n\n<p>En este mapa te mostramos diferentes experiencias y buenas pr\u00e1cticas para que conozcas d\u00f3nde y c\u00f3mo puedes adquirir productos de <strong>Consumo Responsable<\/strong>, qu\u00e9 iniciativas se pueden poner en marcha en tu comunidad educativa o c\u00f3mo puedes implicar a tu municipio con la generaci\u00f3n de redes que apuesten por un <strong>Comercio Justo<\/strong>.<\/p>\n\n\n\n<div class=\"wp-block-buttons is-layout-flex wp-block-buttons-is-layout-flex\">\n<div class=\"wp-block-button\"><a class=\"wp-block-button__link has-base-color has-accent-1-background-color has-text-color has-background has-link-color wp-element-button\"><strong>\u00a1Dale al mapa y conoce las alternativas!<\/strong><\/a><\/div>\n<\/div>\n<\/div>\n<\/div>\n\n\n\n\n\n\n\n\n","protected":false},"excerpt":{"rendered":"<p>IDEAS y PROYDE te invitan a conocer las iniciativas y experiencias que se est\u00e1n desarrollando en Andaluc\u00eda a favor del Comercio Justo y del Consumo Responsable. La Campa\u00f1a por el Comercio Justo en Andaluc\u00eda se dirige a actores locales de municipios andaluces que quieran enredarse y apostar por un desarrollo justo y sostenible. Queremos acercar [&hellip;]<\/p>\n","protected":false},"author":1,"featured_media":0,"parent":0,"menu_order":0,"comment_status":"closed","ping_status":"closed","template":"","meta":{"_acf_changed":false,"footnotes":""},"class_list":["post-262","page","type-page","status-publish","hentry"],"acf":[],"_links":{"self":[{"href":"https:\/\/ideas.coop\/mapa-andalucia\/wp-json\/wp\/v2\/pages\/262","targetHints":{"allow":["GET"]}}],"collection":[{"href":"https:\/\/ideas.coop\/mapa-andalucia\/wp-json\/wp\/v2\/pages"}],"about":[{"href":"https:\/\/ideas.coop\/mapa-andalucia\/wp-json\/wp\/v2\/types\/page"}],"author":[{"embeddable":true,"href":"https:\/\/ideas.coop\/mapa-andalucia\/wp-json\/wp\/v2\/users\/1"}],"replies":[{"embeddable":true,"href":"https:\/\/ideas.coop\/mapa-andalucia\/wp-json\/wp\/v2\/comments?post=262"}],"version-history":[{"count":4,"href":"https:\/\/ideas.coop\/mapa-andalucia\/wp-json\/wp\/v2\/pages\/262\/revisions"}],"predecessor-version":[{"id":958,"href":"https:\/\/ideas.coop\/mapa-andalucia\/wp-json\/wp\/v2\/pages\/262\/revisions\/958"}],"wp:attachment":[{"href":"https:\/\/ideas.coop\/mapa-andalucia\/wp-json\/wp\/v2\/media?parent=262"}],"curies":[{"name":"wp","href":"https:\/\/api.w.org\/{rel}","templated":true}]}}